{"id":8,"date":"2021-09-21T12:58:48","date_gmt":"2021-09-21T10:58:48","guid":{"rendered":"https:\/\/wordpress02.gcms.verdigado.net\/gruene-bag-bildung\/?page_id=8"},"modified":"2024-08-28T15:07:42","modified_gmt":"2024-08-28T13:07:42","slug":"wer-wir-sind","status":"publish","type":"page","link":"https:\/\/gruene-bag-bildung.de\/index.php\/wer-wir-sind\/","title":{"rendered":"Wer wir sind"},"content":{"rendered":"\n<p><strong>Das BAG-Sprecher*innen-Team<\/strong><\/p>\n\n\n\n<figure class=\"wp-block-gallery has-nested-images columns-4 is-cropped wp-block-gallery-2 is-layout-flex wp-block-gallery-is-layout-flex\">\n<figure class=\"wp-block-image size-large\"><img loading=\"lazy\" decoding=\"async\" width=\"682\" height=\"1024\" data-id=\"847\" src=\"https:\/\/gruene-bag-bildung.de\/wp-content\/uploads\/2024\/08\/Cola-August-2024-682x1024.jpg\" alt=\"\" class=\"wp-image-847\" srcset=\"https:\/\/gruene-bag-bildung.de\/wp-content\/uploads\/2024\/08\/Cola-August-2024-682x1024.jpg 682w, https:\/\/gruene-bag-bildung.de\/wp-content\/uploads\/2024\/08\/Cola-August-2024-200x300.jpg 200w, https:\/\/gruene-bag-bildung.de\/wp-content\/uploads\/2024\/08\/Cola-August-2024-768x1152.jpg 768w, https:\/\/gruene-bag-bildung.de\/wp-content\/uploads\/2024\/08\/Cola-August-2024-1024x1536.jpg 1024w, https:\/\/gruene-bag-bildung.de\/wp-content\/uploads\/2024\/08\/Cola-August-2024.jpg 1181w\" sizes=\"auto, (max-width: 682px) 100vw, 682px\" \/><figcaption class=\"wp-element-caption\">Hans J\u00fcrgen Kuhn<br>Sprecher<\/figcaption><\/figure>\n\n\n\n<figure class=\"wp-block-image size-large\"><img loading=\"lazy\" decoding=\"async\" width=\"326\" height=\"445\" data-id=\"17\" src=\"https:\/\/wordpress16.gcms.verdigado.net\/wp-content\/uploads\/2021\/09\/Ulrike.jpg\" alt=\"\" class=\"wp-image-17\" srcset=\"https:\/\/gruene-bag-bildung.de\/wp-content\/uploads\/2021\/09\/Ulrike.jpg 326w, https:\/\/gruene-bag-bildung.de\/wp-content\/uploads\/2021\/09\/Ulrike-220x300.jpg 220w\" sizes=\"auto, (max-width: 326px) 100vw, 326px\" \/><figcaption class=\"wp-element-caption\">Ulrike R\u00fcger<br>Sprecherin<\/figcaption><\/figure>\n\n\n\n<figure class=\"wp-block-image size-full\"><img loading=\"lazy\" decoding=\"async\" width=\"496\" height=\"544\" data-id=\"301\" src=\"https:\/\/gruene-bag-bildung.de\/wp-content\/uploads\/2022\/06\/margit_sw.jpg\" alt=\"\" class=\"wp-image-301\" srcset=\"https:\/\/gruene-bag-bildung.de\/wp-content\/uploads\/2022\/06\/margit_sw.jpg 496w, https:\/\/gruene-bag-bildung.de\/wp-content\/uploads\/2022\/06\/margit_sw-274x300.jpg 274w\" sizes=\"auto, (max-width: 496px) 100vw, 496px\" \/><figcaption class=\"wp-element-caption\">Margit Stumpp<br>Stellv. Sprecherin<\/figcaption><\/figure>\n\n\n\n<figure class=\"wp-block-image size-full\"><img loading=\"lazy\" decoding=\"async\" width=\"960\" height=\"960\" data-id=\"850\" src=\"https:\/\/gruene-bag-bildung.de\/wp-content\/uploads\/2024\/08\/296124866_10220793117367538_1722432732580588890_n.jpg\" alt=\"\" class=\"wp-image-850\" srcset=\"https:\/\/gruene-bag-bildung.de\/wp-content\/uploads\/2024\/08\/296124866_10220793117367538_1722432732580588890_n.jpg 960w, https:\/\/gruene-bag-bildung.de\/wp-content\/uploads\/2024\/08\/296124866_10220793117367538_1722432732580588890_n-300x300.jpg 300w, https:\/\/gruene-bag-bildung.de\/wp-content\/uploads\/2024\/08\/296124866_10220793117367538_1722432732580588890_n-150x150.jpg 150w, https:\/\/gruene-bag-bildung.de\/wp-content\/uploads\/2024\/08\/296124866_10220793117367538_1722432732580588890_n-768x768.jpg 768w\" sizes=\"auto, (max-width: 960px) 100vw, 960px\" \/><figcaption class=\"wp-element-caption\">Tino Ga\u00dfmann<br>Stellv. Sprecher<\/figcaption><\/figure>\n<\/figure>\n\n\n\n<p><a href=\"https:\/\/gruene-bag-bildung.de\/index.php\/das-bag-sprecherinnenteam\/\">Mehr zu den Sprecher*innen erfahrt ihr hier.<\/a><\/p>\n\n\n\n<p><strong>Die Mitglieder der BAG Bildung<\/strong><\/p>\n\n\n\n<p>Die Bundesarbeitsgemeinschaft Bildung von B\u00fcndnis 90\/DIE GR\u00dcNEN besteht aus den Delegierten der gr\u00fcnen Landesverb\u00e4nde, der Gr\u00fcnen Jugend, der Landtagsfraktionen, der Bundestagsfraktion und kooptierten Mitgliedern. Die BAG Bildung arbeitet eng mit den jeweiligen Landesarbeitsgemeinschaften zusammen. Alle Landesverb\u00e4nde entsenden bis zu zwei Delegierte der Landesarbeitsgemeinschaften und einen Delegierten je Landtagsfraktion. Das Sprecher*innenteam der BAG besteht aktuell aus Hans J\u00fcrgen Kuhn, Ulrike R\u00fcger, Margit Stumpp und Tino Ga\u00dfmann.<\/p>\n\n\n\n<p><\/p>\n\n\n\n<p><strong>Unsere Arbeitsweise<\/strong><\/p>\n\n\n\n<p>Die BAG Bildung versteht sich als Ort f\u00fcr konzeptionelle Diskussionen zwischen der Bundes- und Landesebene. Hier treffen sich &#8211; ehrenamtlich &#8211; Expert*innen aus der Partei bis zu dreimal im Jahr. Neben den Sitzungen bem\u00fcht sich die BAG mit Wissenschaft, anderen gesellschaftlichen Gruppen und B\u00fcndnissen zusammenzuarbeiten. Um konkrete Ergebnisse zu haben und Impulse in die Partei zu liefern, verabschieden die BAG-Delegierten zu wichtigen und aktuellen bildungspolitischen Themen in der Partei Positionspapiere. Zwischen den Sitzungen treffen sich kleinere Arbeitsgruppen auch BAG-\u00fcbergreifend, um Diskussions- und Thesenpapiere f\u00fcr die BAG-Sitzungen vorzubereiten. Um in Zukunft auch zwischen den Versammlungen einfacher und schneller kommunizieren zu k\u00f6nnen, nutzen wir eine interne Mailingliste.<\/p>\n","protected":false},"excerpt":{"rendered":"<p>Das BAG-Sprecher*innen-Team Mehr zu den Sprecher*innen erfahrt ihr hier. Die Mitglieder der BAG Bildung Die Bundesarbeitsgemeinschaft Bildung von B\u00fcndnis 90\/DIE GR\u00dcNEN besteht aus den Delegierten der gr\u00fcnen Landesverb\u00e4nde, der Gr\u00fcnen [&hellip;]<\/p>\n","protected":false},"author":3,"featured_media":0,"parent":0,"menu_order":0,"comment_status":"closed","ping_status":"closed","template":"","meta":{"footnotes":""},"class_list":["post-8","page","type-page","status-publish","hentry"],"_links":{"self":[{"href":"https:\/\/gruene-bag-bildung.de\/index.php\/wp-json\/wp\/v2\/pages\/8","targetHints":{"allow":["GET"]}}],"collection":[{"href":"https:\/\/gruene-bag-bildung.de\/index.php\/wp-json\/wp\/v2\/pages"}],"about":[{"href":"https:\/\/gruene-bag-bildung.de\/index.php\/wp-json\/wp\/v2\/types\/page"}],"author":[{"embeddable":true,"href":"https:\/\/gruene-bag-bildung.de\/index.php\/wp-json\/wp\/v2\/users\/3"}],"replies":[{"embeddable":true,"href":"https:\/\/gruene-bag-bildung.de\/index.php\/wp-json\/wp\/v2\/comments?post=8"}],"version-history":[{"count":8,"href":"https:\/\/gruene-bag-bildung.de\/index.php\/wp-json\/wp\/v2\/pages\/8\/revisions"}],"predecessor-version":[{"id":851,"href":"https:\/\/gruene-bag-bildung.de\/index.php\/wp-json\/wp\/v2\/pages\/8\/revisions\/851"}],"wp:attachment":[{"href":"https:\/\/gruene-bag-bildung.de\/index.php\/wp-json\/wp\/v2\/media?parent=8"}],"curies":[{"name":"wp","href":"https:\/\/api.w.org\/{rel}","templated":true}]}}