{"id":139,"date":"2021-12-07T13:08:45","date_gmt":"2021-12-07T12:08:45","guid":{"rendered":"https:\/\/wordpress02.gcms.verdigado.net\/gruene-bag-bildung\/?page_id=139"},"modified":"2026-01-22T14:38:50","modified_gmt":"2026-01-22T13:38:50","slug":"das-bag-sprecherinnenteam","status":"publish","type":"page","link":"https:\/\/gruene-bag-bildung.de\/index.php\/das-bag-sprecherinnenteam\/","title":{"rendered":"Das BAG-Sprecher*innenteam"},"content":{"rendered":"\n<div class=\"wp-block-media-text is-stacked-on-mobile is-vertically-aligned-top\"><figure class=\"wp-block-media-text__media\"><img loading=\"lazy\" decoding=\"async\" width=\"427\" height=\"640\" src=\"https:\/\/gruene-bag-bildung.de\/wp-content\/uploads\/2025\/12\/IMG_9987.jpeg\" alt=\"\" class=\"wp-image-1217 size-full\" srcset=\"https:\/\/gruene-bag-bildung.de\/wp-content\/uploads\/2025\/12\/IMG_9987.jpeg 427w, https:\/\/gruene-bag-bildung.de\/wp-content\/uploads\/2025\/12\/IMG_9987-200x300.jpeg 200w\" sizes=\"auto, (max-width: 427px) 100vw, 427px\" \/><\/figure><div class=\"wp-block-media-text__content\">\n<p><strong>Christin Melcher (LV Sachsen)<\/strong><\/p>\n\n\n\n<p>Sprecherin<\/p>\n\n\n\n<p class=\"has-small-font-size\">1983 geboren in Wolgast und aufgewachsen auf der Insel Usedom<\/p>\n\n\n\n<p class=\"has-small-font-size\">2002 Abitur und Studium an der Universit\u00e4t Greifswald<\/p>\n\n\n\n<p class=\"has-small-font-size\">2003 Studium an der Universit\u00e4t Leipzig, Abschluss Magister in Philosophie, Logik und Wissenschaftstheorie<\/p>\n\n\n\n<p class=\"has-small-font-size\">2004-2009 studentische Selbstverwaltung, u.a. Sprecherin des StudentInnenRates , Referentin f\u00fcr \u00d6kologie und Verkehr, Mitglied des Fachschaftsrat Universit\u00e4t Leipzig<\/p>\n\n\n\n<p class=\"has-small-font-size\">seit 2012 Mitglied bei B\u00dcNDNIS 90\/ DIE GR\u00dcNEN<\/p>\n\n\n\n<p class=\"has-small-font-size\">2014 \u2013 2016 Kreisvorsitzende B\u00dcNDNIS 90\/DIE GR\u00dcNEN Leipzig<\/p>\n\n\n\n<p class=\"has-small-font-size\">2016 \u2013 2020 Landesvorsitzende B\u00dcNDNIS 90\/ DIE GR\u00dcNEN in Sachsen<\/p>\n\n\n\n<p class=\"has-small-font-size\">2019 Landtagsabgeordnete, stellv. Fraktionsvorsitzende, bildungspolitische Sprecherin<\/p>\n\n\n\n<p class=\"has-small-font-size\">seit 2024 Landtagsabgeordnete, stellv. Fraktionsvorsitzende, Sprecherin f\u00fcr Bildung, Soziales, Kinder, Jugend und Familie, Drogen, Inklusion, politische Bildung und Petitionen<\/p>\n<\/div><\/div>\n\n\n\n<hr class=\"wp-block-separator has-alpha-channel-opacity\"\/>\n\n\n\n<div class=\"wp-block-media-text is-stacked-on-mobile is-vertically-aligned-top\"><figure class=\"wp-block-media-text__media\"><img loading=\"lazy\" decoding=\"async\" width=\"481\" height=\"485\" src=\"https:\/\/gruene-bag-bildung.de\/wp-content\/uploads\/2026\/01\/IMG_1733.jpeg\" alt=\"\" class=\"wp-image-1295 size-full\" srcset=\"https:\/\/gruene-bag-bildung.de\/wp-content\/uploads\/2026\/01\/IMG_1733.jpeg 481w, https:\/\/gruene-bag-bildung.de\/wp-content\/uploads\/2026\/01\/IMG_1733-298x300.jpeg 298w, https:\/\/gruene-bag-bildung.de\/wp-content\/uploads\/2026\/01\/IMG_1733-150x150.jpeg 150w\" sizes=\"auto, (max-width: 481px) 100vw, 481px\" \/><\/figure><div class=\"wp-block-media-text__content\">\n<p><strong>Frank Holzamer (LV Hessen)<\/strong><\/p>\n\n\n\n<p class=\"has-medium-font-size\">Sprecher<\/p>\n\n\n\n<p class=\"has-small-font-size\">1970 geboren in Frankfurt a. Main<br>1992 Studium Lehramt Grundschule, Frankfurt a. M.<br>1996 Referendariat<br>1998 Grundschullehrer<br>2000 Wissenschaftlicher Mitarbeit am Institut f\u00fcr P\u00e4dagogik der Sekundarstufe, Frankfurt a. M.<br>2003 Schulleiter Regenbogenschule, Dietzenbach (Grundschule) Programm \u201eGanztagsschule nach Ma\u00df\u201c<br>2007 Schulinspektor an rund 180 Schulen in Hessen<br>2016 Sachgebietsleiter Hessischer Referenzrahmen Schulqualit\u00e4t an der Hessischen Lehrkr\u00e4fteakademie<br>2022 Dezernatsleiter Hessische Referenzrahmen an der Hessischen Lehrkr\u00e4fteakademie<br>B\u00dcNDNIS 90\/DIE GR\u00dcNEN<br>2013 Mitglied und Mitarbeit in der LAG Bildung von B\u00fcndnis 90\/Die Gr\u00fcnen<br>2018 Co-Delegierter in die BAG Bildung f\u00fcr Hessen<br>2022 bis 2023: Ehrenamtlicher Stadtrat in Dietzenbach<\/p>\n<\/div><\/div>\n\n\n\n<hr class=\"wp-block-separator has-alpha-channel-opacity\"\/>\n\n\n\n<div class=\"wp-block-media-text is-stacked-on-mobile is-vertically-aligned-top\"><figure class=\"wp-block-media-text__media\"><img loading=\"lazy\" decoding=\"async\" width=\"693\" height=\"1024\" src=\"https:\/\/gruene-bag-bildung.de\/wp-content\/uploads\/2025\/12\/Foto-Ulrike4-693x1024.jpeg\" alt=\"\" class=\"wp-image-1201 size-full\" srcset=\"https:\/\/gruene-bag-bildung.de\/wp-content\/uploads\/2025\/12\/Foto-Ulrike4-693x1024.jpeg 693w, https:\/\/gruene-bag-bildung.de\/wp-content\/uploads\/2025\/12\/Foto-Ulrike4-203x300.jpeg 203w, https:\/\/gruene-bag-bildung.de\/wp-content\/uploads\/2025\/12\/Foto-Ulrike4-768x1134.jpeg 768w, https:\/\/gruene-bag-bildung.de\/wp-content\/uploads\/2025\/12\/Foto-Ulrike4-1040x1536.jpeg 1040w, https:\/\/gruene-bag-bildung.de\/wp-content\/uploads\/2025\/12\/Foto-Ulrike4.jpeg 1046w\" sizes=\"auto, (max-width: 693px) 100vw, 693px\" \/><\/figure><div class=\"wp-block-media-text__content\">\n<p><strong>Ulrike R\u00fcger (LV Hessen)<\/strong><\/p>\n\n\n\n<p>Stellv. Sprecherin<\/p>\n\n\n\n<p class=\"has-small-font-size\">1956 geboren und aufgewachsen in Mettmann<br>1975 bis 1982 Studium in G\u00f6ttingen<\/p>\n\n\n\n<p class=\"has-small-font-size\">Abschl\u00fcsse: Dipl.-Volkswirtin und Dipl.-Handelslehrerin<\/p>\n\n\n\n<p class=\"has-small-font-size\">1980 bis 1984 wiss. T\u00e4tigkeit als Volkswirtin an der Universit\u00e4t G\u00f6ttingen im Bereich Agrar\u00f6konomie<\/p>\n\n\n\n<p class=\"has-small-font-size\">1984 bis 2025 Berufst\u00e4tigkeit an verschiedenen beruflichen Schulen als Lehrerin f\u00fcr<br>Wirtschaft und Politik, Schulleitungsmitglied und Schulleiterin sowie als<br>Referatsleiterin und freie Beraterin im Bereich der Kultusverwaltung<\/p>\n\n\n\n<p class=\"has-small-font-size\">seit 2014 Mitarbeit in der LAG Bildung von B\u00fcndnis 90 \/ Die GR\u00dcNEN Hessen<br>seit 2017 Delegierte der LAG Bildung Hessen in die BAG Bildung<br>seit 2015 Co-Sprecherin des Arbeitskreises Bildung im KV Darmstadt von B\u00fcndnis<\/p>\n\n\n\n<p class=\"has-small-font-size\">90 \/ Die GR\u00dcNEN<\/p>\n\n\n\n<p class=\"has-small-font-size\">seit 2018 Stadtverordnete der Wissenschaftsstadt Darmstadt<br>(seit 2021 als stellv. Stadtverordnetenvorsteherin)<br>seit 2021 Mitarbeit im Sprecher*innenteam der BAG Bildung<br>seit 2024 Beisitzerin im Kreisvorstand von B\u00fcndnis 90 \/ Die GR\u00dcNEN Darmstadt<\/p>\n<\/div><\/div>\n\n\n\n<hr class=\"wp-block-separator has-alpha-channel-opacity\"\/>\n\n\n\n<div class=\"wp-block-media-text is-stacked-on-mobile is-vertically-aligned-top has-white-background-color has-background\"><figure class=\"wp-block-media-text__media\"><img loading=\"lazy\" decoding=\"async\" width=\"683\" height=\"1024\" src=\"https:\/\/gruene-bag-bildung.de\/wp-content\/uploads\/2025\/12\/image005-683x1024.jpg\" alt=\"\" class=\"wp-image-1161 size-full\" srcset=\"https:\/\/gruene-bag-bildung.de\/wp-content\/uploads\/2025\/12\/image005-683x1024.jpg 683w, https:\/\/gruene-bag-bildung.de\/wp-content\/uploads\/2025\/12\/image005-200x300.jpg 200w, https:\/\/gruene-bag-bildung.de\/wp-content\/uploads\/2025\/12\/image005-768x1152.jpg 768w, https:\/\/gruene-bag-bildung.de\/wp-content\/uploads\/2025\/12\/image005-1024x1536.jpg 1024w\" sizes=\"auto, (max-width: 683px) 100vw, 683px\" \/><\/figure><div class=\"wp-block-media-text__content\">\n<p><strong>Tino Ga\u00dfmann (LV Th\u00fcringen)<\/strong><\/p>\n\n\n\n<p>Stellv. Sprecher<\/p>\n\n\n\n<p class=\"has-small-font-size\">Studium Erziehungswissenschaften\/Soziologie an der FSU Jena und Leibniz Universit\u00e4t Hannover &#8211; Abschluss Magister Artium (Abshcluss 2007)<\/p>\n\n\n\n<p class=\"has-small-font-size\">2009 bis 2013 Mitglied im Stadtrat M\u00fchlhausen, seit 2013 Mitglied im Kreistag Unstrut-Hainich-Kreis<\/p>\n\n\n\n<p class=\"has-small-font-size\">2010 bis 2023 bildungs- migrationspolitischer Referent der Landtagsfraktion B\u00dcNDNIS 90\/DIE GR\u00dcNEN Th\u00fcringen<\/p>\n\n\n\n<p class=\"has-small-font-size\">2023 bis dato &#8211; Referent\/Referatsleiter i.V. im Th\u00fcringer Ministerium f\u00fcr Justiz, Migration und Verbraucherschutz<\/p>\n\n\n\n<p class=\"has-small-font-size\">seit 2010 Sprecher des KV Unstrut-Hainich-Kreis<\/p>\n\n\n\n<p class=\"has-small-font-size\">seit 2019 Vorsitzender der L\u00e4ndlichen Erwachsenenbildung Th\u00fcringen e.V.<\/p>\n\n\n\n<p class=\"has-small-font-size\">seit 2019 Vorsitzender Die Andere Kommunalpolitik Th\u00fcringen e.V.<\/p>\n<\/div><\/div>\n\n\n\n<hr class=\"wp-block-separator has-alpha-channel-opacity\"\/>\n\n\n\n<div class=\"wp-block-media-text is-stacked-on-mobile is-vertically-aligned-top has-white-background-color has-background\"><figure class=\"wp-block-media-text__media\"><img loading=\"lazy\" decoding=\"async\" width=\"496\" height=\"544\" src=\"https:\/\/gruene-bag-bildung.de\/wp-content\/uploads\/2022\/06\/margit_sw.jpg\" alt=\"\" class=\"wp-image-301 size-full\" srcset=\"https:\/\/gruene-bag-bildung.de\/wp-content\/uploads\/2022\/06\/margit_sw.jpg 496w, https:\/\/gruene-bag-bildung.de\/wp-content\/uploads\/2022\/06\/margit_sw-274x300.jpg 274w\" sizes=\"auto, (max-width: 496px) 100vw, 496px\" \/><\/figure><div class=\"wp-block-media-text__content\">\n<p class=\"has-black-color has-text-color has-link-color wp-elements-25b83808e42f7acb49ed3ce4eee352ff\"><strong>Margit Stumpp (LV Baden-W\u00fcrttemberg)<\/strong><\/p>\n\n\n\n<p>Stellv. Sprecherin<\/p>\n\n\n\n<p class=\"has-black-color has-text-color has-link-color has-small-font-size wp-elements-94475814abc03544e004ef45bb107a4e\">Geboren am 13. April 1963 in Mengen<\/p>\n\n\n\n<p class=\"has-black-color has-text-color has-link-color has-small-font-size wp-elements-9689a498a403ebef9be61af3b01602b8\">Mittlere Reife, Ausbildung mit Abschluss zur staatlich gepr\u00fcften Hauswirtschafterin im l\u00e4ndlichen Bereich, Abitur, Studium der Feinwerktechnik, Abschluss Diplom-Ingenieurin (FH); Applikationsentwicklerin in der Elektronikentwicklung;<\/p>\n\n\n\n<p class=\"has-black-color has-text-color has-link-color has-small-font-size wp-elements-3f418c398d772b7e0d2d747fb032b937\">Quereinstieg in den Schuldienst, Lehrerin an der HEID TECH (Berufsschule) T\u00e4tigkeitsbereiche: Informations- und Medientechnik, technische Physik, Systemadministration, Webredaktion Fortbildungsserver.<\/p>\n\n\n\n<p class=\"has-black-color has-text-color has-link-color has-small-font-size wp-elements-87bb29587cb46bd5138d7b4a335f451b\">1999 bis 2017 Gemeinder\u00e4tin in K\u00f6nigsbronn, Fraktionsvorsitzende;<\/p>\n\n\n\n<p class=\"has-black-color has-text-color has-link-color has-small-font-size wp-elements-1883e15e27aacb4aed36deb8c20ea3c7\">seit 2004 Kreisr\u00e4tin im Landkreis Heidenheim, bis 2017 und ab 2022 Fraktionsvorsitzende;<\/p>\n\n\n\n<p class=\"has-black-color has-text-color has-link-color has-small-font-size wp-elements-4a98e41b088c324dae21c23e7711ece9\">Mitglied im Regionalverband Ostw\u00fcrttemberg, seit 2004, stv. Fraktionsvorsitzende;<\/p>\n\n\n\n<p class=\"has-black-color has-text-color has-link-color has-small-font-size wp-elements-78df4853f304c3a46ba08984504ed702\">von 2017 bis 2021 Mitglied des Bundestages.<\/p>\n\n\n\n<p class=\"has-black-color has-text-color has-link-color has-small-font-size wp-elements-8cdee60214739d10137e658a9223c80f\">Sprecherin f\u00fcr Bildungs- und Medienpolitik und Expertin f\u00fcr digitale Infrastruktur der Bundestagsfraktion B\u00fcndnis 90\/Die Gr\u00fcnen von 2017 bis 2021<\/p>\n\n\n\n<p class=\"has-black-color has-text-color has-link-color has-small-font-size wp-elements-b658edd97adba29a9e3d16b7dc4e5c4f\">Gr\u00fcndungsvorstand Verein f\u00fcr Kindertagespflege e.V. Lkr. Heidenheim<\/p>\n\n\n\n<p class=\"has-black-color has-text-color has-link-color has-small-font-size wp-elements-777d017b53f2cb2383ad49afe8170d0d\">Beir\u00e4tin Bildungsregion, Mitglied im Ausschuss f\u00fcr Bildung des Kreistags<\/p>\n\n\n\n<p class=\"has-black-color has-text-color has-link-color has-small-font-size wp-elements-2509c1917c115fba867be2eb4280e6f2\">Mitglied der LAG Bildung Baden-W\u00fcrttemberg<\/p>\n<\/div><\/div>\n","protected":false},"excerpt":{"rendered":"<p>Christin Melcher (LV Sachsen) Sprecherin 1983 geboren in Wolgast und aufgewachsen auf der Insel Usedom 2002 Abitur und Studium an der Universit\u00e4t Greifswald 2003 Studium an der Universit\u00e4t Leipzig, Abschluss [&hellip;]<\/p>\n","protected":false},"author":3,"featured_media":0,"parent":0,"menu_order":0,"comment_status":"closed","ping_status":"closed","template":"","meta":{"footnotes":""},"class_list":["post-139","page","type-page","status-publish","hentry"],"_links":{"self":[{"href":"https:\/\/gruene-bag-bildung.de\/index.php\/wp-json\/wp\/v2\/pages\/139","targetHints":{"allow":["GET"]}}],"collection":[{"href":"https:\/\/gruene-bag-bildung.de\/index.php\/wp-json\/wp\/v2\/pages"}],"about":[{"href":"https:\/\/gruene-bag-bildung.de\/index.php\/wp-json\/wp\/v2\/types\/page"}],"author":[{"embeddable":true,"href":"https:\/\/gruene-bag-bildung.de\/index.php\/wp-json\/wp\/v2\/users\/3"}],"replies":[{"embeddable":true,"href":"https:\/\/gruene-bag-bildung.de\/index.php\/wp-json\/wp\/v2\/comments?post=139"}],"version-history":[{"count":17,"href":"https:\/\/gruene-bag-bildung.de\/index.php\/wp-json\/wp\/v2\/pages\/139\/revisions"}],"predecessor-version":[{"id":1299,"href":"https:\/\/gruene-bag-bildung.de\/index.php\/wp-json\/wp\/v2\/pages\/139\/revisions\/1299"}],"wp:attachment":[{"href":"https:\/\/gruene-bag-bildung.de\/index.php\/wp-json\/wp\/v2\/media?parent=139"}],"curies":[{"name":"wp","href":"https:\/\/api.w.org\/{rel}","templated":true}]}}